{"id":200,"date":"2018-04-18T08:35:05","date_gmt":"2018-04-18T08:35:05","guid":{"rendered":"http:\/\/sjs-schwerte.de\/?page_id=200"},"modified":"2018-04-18T08:35:05","modified_gmt":"2018-04-18T08:35:05","slug":"datenschutzerklaerung-nach-dem-neuen-datenschutzgesetz-2018","status":"publish","type":"page","link":"http:\/\/boedeker.co\/?page_id=200","title":{"rendered":"Datenschutzerkl\u00e4rung (EU-DSGVO)"},"content":{"rendered":"<h2>Datenschutzhinweis<\/h2>\n<p>Die Rechtsgrundlage der Datenverarbeitung auf dieser Homepage ist Art. 6 Abs. 1 DSGVO. Die \u00dcbermittlung s\u00e4mtlicher Daten ist derzeit noch ungesichert, d. h. sie erfolgt nicht \u00fcber eine https-Verbindung. Daher k\u00f6nnten die \u00fcbermittelten Daten auch unbefugten Dritten zur Kenntnis gelangen.<\/p>\n<p>S\u00e4mtliche erhobene Daten (s. u.) werden zum Zweck der Nutzung dieser Homepage und zum Schutz der Rechte und des (auch geistigen) Eigentums des Herausgebers verarbeitet. Diese Daten werden auch verarbeitet, um den Aufbau sowie die Aufrechterhaltung der Verbindung sowie ein problemloses Surfen auf dieser Homepage gew\u00e4hrleisten zu k\u00f6nnen. Die Datenverarbeitung erfolgt ebenso f\u00fcr administrative Zwecke zur Auswertung von Nutzungsstatistiken.<\/p>\n<p>Die benannten Zwecke begr\u00fcnden im Weiteren das Herausgeberinteresse an der Datenverarbeitung durch Nutzung dieser Homepage an sich.<\/p>\n<p>S\u00e4mtliche erhobene Daten und Informationen werden nicht genutzt, um den Nutzer dieser Homepage pers\u00f6nlich zu identifizieren, es sei denn, er tritt \u00fcber die auf der Webseite angebotenen digitalen M\u00f6glichkeiten mit dem Herausgeber in Kontakt.<\/p>\n<p>Um die Nutzerdaten gegen zuf\u00e4llige oder vors\u00e4tzliche Manipulationen, teilweisen oder vollst\u00e4ndigen Verlust, Zerst\u00f6rung oder gegen den unbefugten Zugriff Dritter zu sch\u00fctzen, kommen im Zugriffsbereich geeignete technische und organisatorische Sicherheitsma\u00dfnahmen zum Einsatz (Art. 25 DSGVO).<\/p>\n<p>Auf dieser Homepage befinden sich Verlinkungen zu anderen Webseiten im Internet. Mit Anklicken dieser Verlinkungen verl\u00e4sst der Nutzer diese Homepage. Der Herausgeber dieser Homepage \u00fcbernimmt keine Haftung f\u00fcr Rechtsverletzungen, dahingestellt aus welchem Rechtsgrund, die mit dem Anklicken der Verlinkungen sowie dem Verlassen dieser Homepage einhergehen k\u00f6nnten. Insbesondere haftet der Herausgeber nicht f\u00fcr Datenschutzverletzungen, die sich allein durch Anklicken oder Mausber\u00fchrung der Verlinkungen sowie dar\u00fcber hinaus durch Besuch der extern verlinkten Seiten ergeben.<\/p>\n<p>Beim Aufrufen dieser Homepage werden durch den vom Nutzer verwendeten Browser automatisch verschiedene Informationen an den Server, von dem diese Homepage in dem Moment abgerufen wird, \u00fcbertragen. Diese werden zumindest zeitweilig in einer Speicherdatei auf dem Server erfasst, einem sogenannten Log-File. Davon unbenommen sind Daten, die der Internetprovider des Nutzers auf gesetzlicher oder sonstiger Basis vom Nutzer erfasst und eventuell speichert. Vorbenannte Informationen sind z. B. die IP-Adresse des Nutzer-Endger\u00e4tes, Datum und Uhrzeit des Zugriffs, Name und Internetadresse der abgerufenen Dateien, die Ursprungswebseite, von der aus der Zugriff erfolgt, der zugreifende Browser und das Betriebssystem des Zugriffger\u00e4tes sowie der Name des Access-Providers des Nutzers.<\/p>\n<p>Auf dieser Homepage wird die M\u00f6glichkeit des Direktkontaktes \u00fcber ein entsprechendes Formular geboten, in dem der Nutzer seine Daten freiwillig eintragen kann. Dazu geh\u00f6rt auch eine vom Nutzer anzugebende E-Mailadresse oder Telefonnummer, die als Pflichtfeld gekennzeichnet sind, da der gew\u00fcnschte Kontakt sonst nicht hergestellt werden kann. Mit dem Eintrag und der Best\u00e4tigung des Opt-Ins zur Kontaktaufnahme erteilt der Nutzer dem Herausgeber die freiwillige Einwilligung zu dieser Kontaktaufnahme nach Art. 6 Abs. 1 Satz 1 a) DSGVO. Die \u00fcbermittelten Kontaktdaten werden gel\u00f6scht, wenn die Nutzeranfrage abschlie\u00dfend bearbeitet wurde, bzw. unabh\u00e4ngig von einer erfolgten Kontaktaufnahme automatisch sp\u00e4testens nach einem Monat.<\/p>\n<h3><strong>Weiterhin hat der Nutzer als Betroffene(r) folgende Rechte:<\/strong><\/h3>\n<p>Der Nutzer kann gem\u00e4\u00df Art. 15 DSGVO Auskunft \u00fcber seine vom Herausgeber verarbeiteten personenbezogenen Daten verlangen. Dies betrifft besonders den Verarbeitungszweck, die Kategorie der personenbezogenen Daten, die Kategorien von Empf\u00e4ngern, denen die Nutzerdaten \u00fcbermittelt werden, die Speicherdauer der Nutzerdaten, die Nutzerrechte auf Berichtigung (Art. 16 DSGVO), L\u00f6schung (Art. 17 DSGVO), Einschr\u00e4nkung der Verarbeitung (Art. 18 DSGVO) oder Widerspruch (Art. 21 DSGVO) sowie das Bestehen eines Beschwerderechts (Art. 77 DSGVO).<\/p>\n<p>Au\u00dferdem hat der Nutzer das Recht auf Daten\u00fcbertragbarkeit (Art. 20 DSGVO), das hei\u00dft \u00dcbermittlung der vom Nutzer bereitgestellten Daten durch den Herausgeber der Seite in einem strukturierten, g\u00e4ngigen und maschinenlesebaren Format an sich selbst oder an einen anderen Verantwortlichen.<\/p>\n<p>Sollte der Nutzer dem Herausgeber eine Einwilligung zur Datenerhebung erteilt haben, kann diese gem\u00e4\u00df Art. 7 Abs. 3 DSGVO jederzeit widerrufen oder abge\u00e4ndert werden. Dies hat zur Folge, dass die Datenverarbeitung, die auf dieser Einwilligung beruhte, f\u00fcr die Zukunft nicht mehr in der vormaligen Weise fortgef\u00fchrt werden darf.<\/p>\n<h2><strong>Cookies<\/strong><\/h2>\n<p>Auf dieser Internetseite werden Cookies eingesetzt. Cookies sind, vereinfacht gesagt, kleine Programme, die auf dem Endger\u00e4t, von dem der Nutzer auf diese Seite zugreift, abgelegt werden und Informationen \u00fcber das Nutzerverhalten im Internet sammeln, weiterleiten und auswerten. Diese Cookies werden nicht vom Herausgeber dieser Seite, sondern auf den Servern eines Dritten gespeichert, <em>die sich zudem au\u00dferhalb der EU befinden<\/em>. Wenn der Nutzer die Cookies nach Beenden der Session nicht in seinem benutzten Browser l\u00f6scht, kann anhand dieser Cookies u. a. sp\u00e4ter erkannt werden, dass der Nutzer diese Seite bereits zuvor besucht hat. Dadurch werden auch die vormals vorgenommenen Nutzereinstellungen bez\u00fcglich der Webseite wieder hergestellt und angewendet.<\/p>\n<p>Informationen zum Umgang mit Cookies sind auch den Dokumentationen des genutzten Browsers zu entnehmen, in den ebenfalls (teils automatisierte) M\u00f6glichkeiten offeriert werden d\u00fcrften, die Annahme von Cookies zu verweigern bzw. diese nach Aufruf der Seite automatisch wieder l\u00f6schen zu lassen oder l\u00f6schen zu k\u00f6nnen.<\/p>\n<p>Die eingesetzten Cookies werden auch genutzt, um die Webseite benutzerfreundlich zu gestalten. Weiterhin kommen Session-Cookies zum Einsatz, mit denen nachvollzogen werden kann, welche Unterseiten dieser Internetseite der Nutzer besucht hat.<\/p>\n<p>Die Rechtsgrundlage f\u00fcr die Erhebung der Cookies ergibt sich aus Art. 6 Abs. 1 Satz 1 f) DSGVO und dient der Wahrnehmung des berechtigten Interesses des Herausgebers sowie desselbigen von an der Webseite beteiligter Dritten, z. B. Serverhost, Provider.<\/p>\n<h2>Server-Log-Files<\/h2>\n<p>Der Provider der Seiten erhebt und speichert automatisch Informationen in so genannten Server-Log Files, die Ihr Browser automatisch an uns \u00fcbermittelt.<\/p>\n<p>Dies sind:<\/p>\n<ul>\n<li>Browsertyp und Browserversion<\/li>\n<li>verwendetes Betriebssystem<\/li>\n<li>Referrer URL<\/li>\n<li>Hostname des zugreifenden Rechners<\/li>\n<li>Uhrzeit der Serveranfrage<\/li>\n<\/ul>\n<p>Diese Daten sind nicht bestimmten Personen zuordenbar. Eine Zusammenf\u00fchrung dieser Daten mit anderen Datenquellen wird nicht vorgenommen. Wir behalten uns vor, diese Daten nachtr\u00e4glich zu pr\u00fcfen, wenn uns konkrete Anhaltspunkte f\u00fcr eine rechtswidrige Nutzung bekannt werden.<\/p>\n<h2>Kontaktformular<\/h2>\n<p>Wenn Sie uns per Kontaktformular Anfragen zukommen lassen, werden Ihre Angaben aus dem Anfrageformular inklusive der von Ihnen dort angegebenen Kontaktdaten zwecks Bearbeitung der Anfrage und f\u00fcr den Fall von Anschlussfragen bei uns gespeichert. Diese Daten geben wir nicht ohne Ihre Einwilligung weiter.<\/p>\n<h2>Google Analytics<\/h2>\n<p>Diese Website nutzt Funktionen des Webanalysedienstes Google Analytics. Anbieter ist die Google Inc., 1600 Amphitheatre Parkway Mountain View, CA 94043, USA.<\/p>\n<p>Google Analytics verwendet so genannte &#8222;Cookies&#8220;. Das sind Textdateien, die auf Ihrem Computer gespeichert werden und die eine Analyse der Benutzung der Website durch Sie erm\u00f6glichen. Die durch den Cookie erzeugten Informationen \u00fcber Ihre Benutzung dieser Website werden in der Regel an einen Server von Google in den USA \u00fcbertragen und dort gespeichert.<\/p>\n<p><strong>Browser Plugin<\/strong><\/p>\n<p>Sie k\u00f6nnen die Speicherung der Cookies durch eine entsprechende Einstellung Ihrer Browser-Software verhindern; wir weisen Sie jedoch darauf hin, dass Sie in diesem Fall gegebenenfalls nicht s\u00e4mtliche Funktionen dieser Website vollumf\u00e4nglich werden nutzen k\u00f6nnen. Sie k\u00f6nnen dar\u00fcber hinaus die Erfassung der durch den Cookie erzeugten und auf Ihre Nutzung der Website bezogenen Daten (inkl. Ihrer IPAdresse) an Google sowie die Verarbeitung dieser Daten durch Google verhindern, indem Sie das unter dem folgenden Link verf\u00fcgbare Browser-Plugin herunterladen und installieren: <a href=\"https:\/\/tools.google.com\/dlpage\/gaoptout?hl=de\" target=\"_blank\" rel=\"noopener\">https:\/\/tools.google.com\/dlpage\/gaoptout?hl=de<\/a><\/p>\n<p><strong>Widerspruch gegen Datenerfassung<\/strong><\/p>\n<p>Sie k\u00f6nnen die Erfassung Ihrer Daten durch Google Analytics verhindern, indem Sie auf folgenden Link klicken. Es wird ein Opt-Out-Cookie gesetzt, der die Erfassung Ihrer Daten bei zuk\u00fcnftigen Besuchen dieser Website verhindert: <a>Google Analytics deaktivieren<\/a><\/p>\n<p>Mehr Informationen zum Umgang mit Nutzerdaten bei Google Analytics finden Sie in der Datenschutzerkl\u00e4rung von Google:<br \/>\n<a href=\"https:\/\/support.google.com\/analytics\/answer\/6004245?hl=de\" target=\"_blank\" rel=\"noopener\">https:\/\/support.google.com\/analytics\/answer\/6004245?hl=de<\/a><\/p>\n<h2>Kommentarfunktion auf dieser Website<\/h2>\n<p>F\u00fcr die Kommentarfunktion auf dieser Seite werden neben Ihrem Kommentar auch Angaben zum Zeitpunkt der Erstellung des Kommentars, Ihre EMail-Adresse und, wenn Sie nicht anonym\u00a0 posten, der von Ihnen gew\u00e4hlte Nutzername gespeichert.<\/p>\n<h2>Recht auf Auskunft, L\u00f6schung, Sperrung<\/h2>\n<p>Sie haben jederzeit das Recht auf unentgeltliche Auskunft \u00fcber Ihre gespeicherten personenbezogenen Daten, deren Herkunft und Empf\u00e4nger und den Zweck der Datenverarbeitung sowie ein\u00a0 Recht auf Berichtigung, Sperrung oder L\u00f6schung dieser Daten. Hierzu sowie zu weiteren Fragen zum Thema personenbezogene Daten k\u00f6nnen Sie sich jederzeit unter der im Impressum angegebenen Adresse an uns wenden.<\/p>\n<p>Quelle: <a href=\"https:\/\/www.e-recht24.de\/musterdatenschutzerklaerung. html\">https:\/\/www.e-recht24.de\/muster-datenschutzerklaerung.html<\/a><\/p>\n","protected":false},"excerpt":{"rendered":"<p>Datenschutzhinweis Die Rechtsgrundlage der Datenverarbeitung auf dieser Homepage ist Art. 6 Abs. 1 DSGVO. Die \u00dcbermittlung s\u00e4mtlicher Daten ist derzeit noch ungesichert, d. h. sie erfolgt nicht \u00fcber eine https-Verbindung. Daher k\u00f6nnten die \u00fcbermittelten Daten auch unbefugten Dritten zur Kenntnis gelangen. S\u00e4mtliche erhobene Daten (s. u.) werden zum Zweck der Nutzung dieser Homepage und zum [&hellip;]<\/p>\n","protected":false},"author":1,"featured_media":0,"parent":0,"menu_order":0,"comment_status":"closed","ping_status":"closed","template":"","meta":{"footnotes":""},"_links":{"self":[{"href":"http:\/\/boedeker.co\/index.php?rest_route=\/wp\/v2\/pages\/200"}],"collection":[{"href":"http:\/\/boedeker.co\/index.php?rest_route=\/wp\/v2\/pages"}],"about":[{"href":"http:\/\/boedeker.co\/index.php?rest_route=\/wp\/v2\/types\/page"}],"author":[{"embeddable":true,"href":"http:\/\/boedeker.co\/index.php?rest_route=\/wp\/v2\/users\/1"}],"replies":[{"embeddable":true,"href":"http:\/\/boedeker.co\/index.php?rest_route=%2Fwp%2Fv2%2Fcomments&post=200"}],"version-history":[{"count":0,"href":"http:\/\/boedeker.co\/index.php?rest_route=\/wp\/v2\/pages\/200\/revisions"}],"wp:attachment":[{"href":"http:\/\/boedeker.co\/index.php?rest_route=%2Fwp%2Fv2%2Fmedia&parent=200"}],"curies":[{"name":"wp","href":"https:\/\/api.w.org\/{rel}","templated":true}]}}