{"id":10,"date":"2018-04-09T08:16:05","date_gmt":"2018-04-09T08:16:05","guid":{"rendered":"http:\/\/sjs-schwerte.de\/?page_id=10"},"modified":"2018-04-09T08:16:05","modified_gmt":"2018-04-09T08:16:05","slug":"impressum","status":"publish","type":"page","link":"http:\/\/boedeker.co\/?page_id=10","title":{"rendered":"Impressum"},"content":{"rendered":"<div class=\"section clearfix tabellefarbe2 text3 eingerueckt2 absatz-stil\">\n<div class=\"col span_1_of_2\">\n<p>\u00a9 2017 SJS &#8211; Schwerter Jagd- und Sportsch\u00fctzen e.V. &#8211; Alle Rechte vorbehalten. Verantwortlich f\u00fcr den Inhalt nach \u00a7 55 Abs. 2 RStV: Schwerter Jagd-und Sportsch\u00fctzen e.V. Postfach 1161 58239 Schwerte<\/p>\n<h3 class=\"extra\">Redaktion und Gestaltung<\/h3>\n<p>Schwerter Jagd-und Sportsch\u00fctzen e.V. Postfach 1161 58239 Schwerte<\/p>\n<h3 class=\"extra\">Wichtiger Hinweis<\/h3>\n<p>Alle Informationen dienen zur pers\u00f6nlichen Information &#8211; eine kommerzielle Nutzung der Seiten, Inhalte, Bilder, Informationen, redaktionellen Beschreibungen, Strukturierung usw. ist nicht erlaubt. Die auf dieser Internet-Pr\u00e4senz ver\u00f6ffentlichten Texte, Bilder und Informationen sind zum Teil urheberrechtlich gesch\u00fctzt. F\u00fcr Fehler im Text, in Erkl\u00e4rungen und Darstellungen oder falsche Links wird keine Haftung \u00fcbernommen. Der SJS \u00fcbernimmt keinerlei Haftung f\u00fcr die Inhalte der als Links aufgef\u00fchrten Internetangebote.<\/p>\n<h3 class=\"extra\">Angaben gem. \u00a7 5 Telemediengesetz<\/h3>\n<p>Nachfolgend erhalten Sie die Angaben zur allgemeinen Informationspflicht \u00a7 5 Telemediengesetz: Schwerter Jagd-und Sportsch\u00fctzen e.V. Eingetragen im Vereinsregister des Amtsgerichts Schwerte<br \/>\nPostanschrift Schwerter Jagd-und Sportsch\u00fctzen e.V.<br \/>\nPostfach 1161<br \/>\n58239 Schwerte<\/p>\n<h3 class=\"extra\">Datenschutzerkl\u00e4rung<\/h3>\n<p>Sie k\u00f6nnen unsere Seite besuchen, ohne Angaben zu Ihrer Person zu machen. Personenbezogene Daten werden nur erhoben, wenn Sie uns diese im Rahmen Ihres Besuchs unseres Internetauftritts freiwillig mitteilen.<\/p>\n<\/div>\n<\/div>\n","protected":false},"excerpt":{"rendered":"<p>\u00a9 2017 SJS &#8211; Schwerter Jagd- und Sportsch\u00fctzen e.V. &#8211; Alle Rechte vorbehalten. Verantwortlich f\u00fcr den Inhalt nach \u00a7 55 Abs. 2 RStV: Schwerter Jagd-und Sportsch\u00fctzen e.V. Postfach 1161 58239 Schwerte Redaktion und Gestaltung Schwerter Jagd-und Sportsch\u00fctzen e.V. Postfach 1161 58239 Schwerte Wichtiger Hinweis Alle Informationen dienen zur pers\u00f6nlichen Information &#8211; eine kommerzielle Nutzung der [&hellip;]<\/p>\n","protected":false},"author":1,"featured_media":0,"parent":0,"menu_order":7,"comment_status":"closed","ping_status":"closed","template":"","meta":{"footnotes":""},"_links":{"self":[{"href":"http:\/\/boedeker.co\/index.php?rest_route=\/wp\/v2\/pages\/10"}],"collection":[{"href":"http:\/\/boedeker.co\/index.php?rest_route=\/wp\/v2\/pages"}],"about":[{"href":"http:\/\/boedeker.co\/index.php?rest_route=\/wp\/v2\/types\/page"}],"author":[{"embeddable":true,"href":"http:\/\/boedeker.co\/index.php?rest_route=\/wp\/v2\/users\/1"}],"replies":[{"embeddable":true,"href":"http:\/\/boedeker.co\/index.php?rest_route=%2Fwp%2Fv2%2Fcomments&post=10"}],"version-history":[{"count":0,"href":"http:\/\/boedeker.co\/index.php?rest_route=\/wp\/v2\/pages\/10\/revisions"}],"wp:attachment":[{"href":"http:\/\/boedeker.co\/index.php?rest_route=%2Fwp%2Fv2%2Fmedia&parent=10"}],"curies":[{"name":"wp","href":"https:\/\/api.w.org\/{rel}","templated":true}]}}